{"id":159,"date":"2024-04-26T21:11:23","date_gmt":"2024-04-26T19:11:23","guid":{"rendered":"https:\/\/coralba.coromariaguerrero.com\/?page_id=159"},"modified":"2025-04-10T22:23:01","modified_gmt":"2025-04-10T20:23:01","slug":"escenario-la-unica","status":"publish","type":"page","link":"https:\/\/coralba.coromariaguerrero.com\/index.php\/escenario-la-unica\/","title":{"rendered":"Escenario: La \u00danica"},"content":{"rendered":"\n<div class=\"wp-block-stackable-heading stk-block-heading stk-block-heading--v2 stk-block stk-712e68d\" id=\"escenario-2-la-unica\" data-block-id=\"712e68d\"><h1 class=\"stk-block-heading__text\">Escenario 2: La \u00danica<\/h1><\/div>\n\n\n\n<div class=\"wp-block-stackable-columns stk-block-columns stk-block stk-9f9fd2c\" data-block-id=\"9f9fd2c\"><style>.stk-9f9fd2c {margin-bottom:0px !important;}<\/style><div class=\"stk-row stk-inner-blocks stk-block-content stk-content-align stk-9f9fd2c-column\">\n<div class=\"wp-block-stackable-column stk-block-column stk-column stk-block stk-ab7cb10\" data-v=\"4\" data-block-id=\"ab7cb10\"><div class=\"stk-column-wrapper stk-block-column__content stk-container stk-ab7cb10-container stk--no-background stk--no-padding\"><div class=\"stk-block-content stk-inner-blocks stk-ab7cb10-inner-blocks\">\n<div class=\"wp-block-stackable-text stk-block-text stk-block stk-4285a58\" data-block-id=\"4285a58\"><p class=\"stk-block-text__text\"><em><a href=\"https:\/\/coralba.coromariaguerrero.com\/index.php\/escenario-el-ayuntamiento\/\" title=\"Escenario: El Ayuntamiento\">&lt; Escenario 1<\/a><\/em><\/p><\/div>\n<\/div><\/div><\/div>\n\n\n\n<div class=\"wp-block-stackable-column stk-block-column stk-column stk-block stk-202bb48\" data-v=\"4\" data-block-id=\"202bb48\"><div class=\"stk-column-wrapper stk-block-column__content stk-container stk-202bb48-container stk--no-background stk--no-padding\"><div class=\"stk-block-content stk-inner-blocks stk-202bb48-inner-blocks\">\n<div class=\"wp-block-stackable-text stk-block-text stk-block stk-bec6ed2\" data-block-id=\"bec6ed2\"><p class=\"stk-block-text__text has-text-align-center\"><em><a href=\"https:\/\/coralba.coromariaguerrero.com\/index.php\/programa-del-festival\/\" title=\"Programa del Festival\">Programa del Festival<\/a><\/em><\/p><\/div>\n<\/div><\/div><\/div>\n\n\n\n<div class=\"wp-block-stackable-column stk-block-column stk-column stk-block stk-445650d\" data-v=\"4\" data-block-id=\"445650d\"><div class=\"stk-column-wrapper stk-block-column__content stk-container stk-445650d-container stk--no-background stk--no-padding\"><div class=\"stk-block-content stk-inner-blocks stk-445650d-inner-blocks\">\n<div class=\"wp-block-stackable-text stk-block-text stk-block stk-9c38925\" data-block-id=\"9c38925\"><p class=\"stk-block-text__text has-text-align-right\"><em><a href=\"https:\/\/coralba.coromariaguerrero.com\/index.php\/escenario-fuente-del-alamo\/\" title=\"Escenario: Fuente del \u00c1lamo\">Escenario 3 &gt;<\/a><\/em><\/p><\/div>\n<\/div><\/div><\/div>\n<\/div><\/div>\n\n\n\n<div class=\"wp-block-stackable-columns stk-block-columns stk-block stk-2b61871\" data-block-id=\"2b61871\"><style>.stk-2b61871 {margin-bottom:0px !important;}<\/style><div class=\"stk-row stk-inner-blocks stk-block-content stk-content-align stk-2b61871-column\">\n<div class=\"wp-block-stackable-column stk-block-column stk-column stk-block stk-98b9c6a\" data-v=\"4\" data-block-id=\"98b9c6a\"><style>.stk-98b9c6a-container{margin-top:0px !important;margin-right:0px !important;margin-bottom:0px !important;margin-left:0px !important;min-height:0px !important;padding-top:0px !important;padding-right:0px !important;padding-bottom:0px !important;padding-left:0px !important;}.stk-98b9c6a {align-self:stretch !important;align-items:center !important;display:flex !important;}.stk-98b9c6a-inner-blocks{align-items:center !important;row-gap:0px !important;}@media screen and (min-width:690px){.stk-98b9c6a {flex:var(--stk-flex-grow, 1) 1 calc(68.79999999999998% - var(--stk-column-gap, 0px) * 1 \/ 2 ) !important;}}<\/style><div class=\"stk-column-wrapper stk-block-column__content stk-container stk-98b9c6a-container stk--no-background stk--no-padding\"><div class=\"has-text-align-center stk--column-flex stk-block-content stk-inner-blocks stk-98b9c6a-inner-blocks\">\n<p class=\"has-text-align-left\">Toda una tradici\u00f3n en Collado Villalba ser\u00e1 la anfitriona del segundo escenario del Festival<\/p>\n<\/div><\/div><\/div>\n\n\n\n<div class=\"wp-block-stackable-column stk-block-column stk-column stk-block stk-eed149d\" data-v=\"4\" data-block-id=\"eed149d\"><style>@media screen and (min-width:690px){.stk-eed149d {flex:var(--stk-flex-grow, 1) 1 calc(31.200000000000014% - var(--stk-column-gap, 0px) * 1 \/ 2 ) !important;}}<\/style><div class=\"stk-column-wrapper stk-block-column__content stk-container stk-eed149d-container stk--no-background stk--no-padding\"><div class=\"stk-block-content stk-inner-blocks stk-eed149d-inner-blocks\">\n<div class=\"wp-block-stackable-image stk-block-image stk-block stk-b701d22\" data-block-id=\"b701d22\"><style>.stk-b701d22 {left:-100px !important;}.stk-b701d22 .stk-img-wrapper{width:10% !important;height:70px !important;}<\/style><figure><a class=\"stk-link\" href=\"https:\/\/maps.app.goo.gl\/6qW62Z1bpQ9HprBJ7\" target=\"_blank\" rel=\"noreferrer noopener\"><span class=\"stk-img-wrapper stk-image--shape-stretch\"><img decoding=\"async\" class=\"stk-img wp-image-477\" src=\"https:\/\/coralba.coromariaguerrero.com\/wp-content\/uploads\/2025\/03\/poi-50px.svg\" width=\"52\" height=\"52\"\/><\/span><\/a><\/figure><\/div>\n<\/div><\/div><\/div>\n<\/div><\/div>\n\n\n\n<div class=\"wp-block-stackable-columns stk-block-columns stk-block stk-145a43d\" data-block-id=\"145a43d\"><div class=\"stk-row stk-inner-blocks stk-block-content stk-content-align stk-145a43d-column\">\n<div class=\"wp-block-stackable-column stk-block-column stk-column stk-block stk-0b9f0d1\" data-v=\"4\" data-block-id=\"0b9f0d1\"><div class=\"stk-column-wrapper stk-block-column__content stk-container stk-0b9f0d1-container stk--no-background stk--no-padding\"><div class=\"stk-block-content stk-inner-blocks stk-0b9f0d1-inner-blocks\">\n<div class=\"wp-block-stackable-spacer stk-block-spacer stk--no-padding stk-block stk-6f58385\" data-block-id=\"6f58385\"><style>.stk-6f58385 {height:50px !important;}<\/style><\/div>\n\n\n\n<div class=\"wp-block-stackable-image stk-block-image stk-block stk-d3fb274\" data-block-id=\"d3fb274\"><figure><span class=\"stk-img-wrapper stk-image--shape-stretch\"><img fetchpriority=\"high\" decoding=\"async\" class=\"stk-img wp-image-109\" src=\"https:\/\/coralba.coromariaguerrero.com\/wp-content\/uploads\/2024\/04\/la-unica.png\" width=\"1189\" height=\"640\" srcset=\"https:\/\/coralba.coromariaguerrero.com\/wp-content\/uploads\/2024\/04\/la-unica.png 1189w, https:\/\/coralba.coromariaguerrero.com\/wp-content\/uploads\/2024\/04\/la-unica-300x161.png 300w, https:\/\/coralba.coromariaguerrero.com\/wp-content\/uploads\/2024\/04\/la-unica-1024x551.png 1024w, https:\/\/coralba.coromariaguerrero.com\/wp-content\/uploads\/2024\/04\/la-unica-768x413.png 768w\" sizes=\"(max-width: 1189px) 100vw, 1189px\" \/><\/span><\/figure><\/div>\n<\/div><\/div><\/div>\n\n\n\n<div class=\"wp-block-stackable-column stk-block-column stk-column stk-block stk-6519524\" data-v=\"4\" data-block-id=\"6519524\"><div class=\"stk-column-wrapper stk-block-column__content stk-container stk-6519524-container stk--no-background stk--no-padding\"><div class=\"stk-block-content stk-inner-blocks stk-6519524-inner-blocks\">\n<div class=\"wp-block-stackable-image stk-block-image stk-block stk-ae8c425\" data-block-id=\"ae8c425\"><style>.stk-ae8c425 .stk-img-wrapper{width:600px !important;}<\/style><figure><span class=\"stk-img-wrapper stk-image--shape-stretch\"><img decoding=\"async\" class=\"stk-img wp-image-604\" src=\"https:\/\/coralba.coromariaguerrero.com\/wp-content\/uploads\/2025\/04\/CORALBA-2025-Escenario-2-la-unica.png\" width=\"600\" height=\"632\" srcset=\"https:\/\/coralba.coromariaguerrero.com\/wp-content\/uploads\/2025\/04\/CORALBA-2025-Escenario-2-la-unica.png 600w, https:\/\/coralba.coromariaguerrero.com\/wp-content\/uploads\/2025\/04\/CORALBA-2025-Escenario-2-la-unica-285x300.png 285w\" sizes=\"(max-width: 600px) 100vw, 600px\" \/><\/span><\/figure><\/div>\n<\/div><\/div><\/div>\n<\/div><\/div>\n","protected":false},"excerpt":{"rendered":"<p>Escenario 2: La \u00danica &lt; Escenario 1 Programa del Festival Escenario 3 &gt; Toda una tradici\u00f3n en Collado Villalba ser\u00e1 la anfitriona del segundo escenario del Festival<\/p>\n","protected":false},"author":1,"featured_media":0,"parent":0,"menu_order":0,"comment_status":"closed","ping_status":"closed","template":"","meta":{"_uag_custom_page_level_css":"","footnotes":""},"class_list":["post-159","page","type-page","status-publish","hentry"],"blocksy_meta":[],"aioseo_notices":[],"uagb_featured_image_src":{"full":false,"thumbnail":false,"medium":false,"medium_large":false,"large":false,"1536x1536":false,"2048x2048":false},"uagb_author_info":{"display_name":"domink","author_link":"https:\/\/coralba.coromariaguerrero.com\/index.php\/author\/domink\/"},"uagb_comment_info":0,"uagb_excerpt":"Escenario 2: La \u00danica &lt; Escenario 1 Programa del Festival Escenario 3 &gt; Toda una tradici\u00f3n en Collado Villalba ser\u00e1 la anfitriona del segundo escenario del Festival","_links":{"self":[{"href":"https:\/\/coralba.coromariaguerrero.com\/index.php\/wp-json\/wp\/v2\/pages\/159","targetHints":{"allow":["GET"]}}],"collection":[{"href":"https:\/\/coralba.coromariaguerrero.com\/index.php\/wp-json\/wp\/v2\/pages"}],"about":[{"href":"https:\/\/coralba.coromariaguerrero.com\/index.php\/wp-json\/wp\/v2\/types\/page"}],"author":[{"embeddable":true,"href":"https:\/\/coralba.coromariaguerrero.com\/index.php\/wp-json\/wp\/v2\/users\/1"}],"replies":[{"embeddable":true,"href":"https:\/\/coralba.coromariaguerrero.com\/index.php\/wp-json\/wp\/v2\/comments?post=159"}],"version-history":[{"count":12,"href":"https:\/\/coralba.coromariaguerrero.com\/index.php\/wp-json\/wp\/v2\/pages\/159\/revisions"}],"predecessor-version":[{"id":612,"href":"https:\/\/coralba.coromariaguerrero.com\/index.php\/wp-json\/wp\/v2\/pages\/159\/revisions\/612"}],"wp:attachment":[{"href":"https:\/\/coralba.coromariaguerrero.com\/index.php\/wp-json\/wp\/v2\/media?parent=159"}],"curies":[{"name":"wp","href":"https:\/\/api.w.org\/{rel}","templated":true}]}}