{"id":61,"date":"2024-04-06T23:57:28","date_gmt":"2024-04-06T21:57:28","guid":{"rendered":"https:\/\/coralba.coromariaguerrero.com\/?page_id=61"},"modified":"2025-04-11T23:54:07","modified_gmt":"2025-04-11T21:54:07","slug":"como-puedo-ir","status":"publish","type":"page","link":"https:\/\/coralba.coromariaguerrero.com\/index.php\/como-puedo-ir\/","title":{"rendered":"\u00bfC\u00f3mo puedo ir?"},"content":{"rendered":"\n<div class=\"wp-block-stackable-columns stk-block-columns stk-block stk-88dceb8\" data-block-id=\"88dceb8\"><div class=\"stk-row stk-inner-blocks stk-block-content stk-content-align stk-88dceb8-column\">\n<div class=\"wp-block-stackable-column stk-block-column stk-column stk-block stk-bacd5b4\" data-v=\"4\" data-block-id=\"bacd5b4\"><style>@media screen and (min-width:690px){.stk-bacd5b4 {flex:var(--stk-flex-grow, 1) 1 33.3% !important;}}<\/style><div class=\"stk-column-wrapper stk-block-column__content stk-container stk-bacd5b4-container stk--no-background stk--no-padding\"><div class=\"stk-block-content stk-inner-blocks stk-bacd5b4-inner-blocks\">\n<div class=\"wp-block-stackable-image stk-block-image stk-block stk-8f1481d\" data-block-id=\"8f1481d\"><figure><span class=\"stk-img-wrapper stk-image--shape-stretch\"><img decoding=\"async\" class=\"stk-img wp-image-87\" src=\"https:\/\/coralba.coromariaguerrero.com\/wp-content\/uploads\/2024\/04\/coralba-solo-titulo-vertical-1.svg\" width=\"150\" height=\"300\"\/><\/span><\/figure><\/div>\n<\/div><\/div><\/div>\n\n\n\n<div class=\"wp-block-stackable-column stk-block-column stk-column stk-block stk-5dd5425\" data-v=\"4\" data-block-id=\"5dd5425\"><style>@media screen and (min-width:690px){.stk-5dd5425 {flex:var(--stk-flex-grow, 1) 1 66.7% !important;}}<\/style><div class=\"stk-column-wrapper stk-block-column__content stk-container stk-5dd5425-container stk--no-background stk--no-padding\"><div class=\"stk-block-content stk-inner-blocks stk-5dd5425-inner-blocks\">\n<p>Desde Madrid capital, hay un gran servicio de autobuses directos a Villalba Pueblo.<br>Todos estos autobuses salen desde Madrid-Moncloa y con una alta frecuencia.<br>\u200bLas l\u00edneas que te traer\u00e1n a Villalba son la <strong>671<\/strong>, la <strong>672 <\/strong>y la <strong>672A<\/strong>.<\/p>\n\n\n\n<p>\u00a1Ya no tienes excusa para perd\u00e9rtelo!<\/p>\n\n\n\n<div class=\"wp-block-stackable-heading stk-block-heading stk-block-heading--v2 stk-block stk-e36e602\" id=\"ya-no-tienes-excusa-para-perdertelo\" data-block-id=\"e36e602\"><h3 class=\"stk-block-heading__text\">\u00a1Ya no tienes excusa para perd\u00e9rtelo!<\/h3><\/div>\n\n\n\n<p>Todos los escenarios del Festival se encuentran en Villalba pueblo, bastante cerca unos de otros.<br>En esta p\u00e1gina te ofrecemos informaci\u00f3n de la distancia desde las zonas de aparcamiento m\u00e1s alejadas hasta el escenario 1, el Ayuntamiento, para que puedas hacerte una idea del desplazamiento una vez hayas aparcado t\u00fa veh\u00edculo<\/p>\n\n\n\n<p>Si vienes en transporte privado, te sugerimos dejes el coche en alguna de las zonas de aparcamiento disponibles en el municipio. <a href=\"https:\/\/coralba.coromariaguerrero.com\/index.php\/zonas-de-aparcamiento\/\" title=\"\">Aqu\u00ed puedes descargar un mapa en el que puedes consultar las zonas que te recomendamos.<\/a><\/p>\n<\/div><\/div><\/div>\n<\/div><\/div>\n\n\n\n<div class=\"wp-block-stackable-heading stk-block-heading stk-block-heading--v2 stk-block stk-2e2bb02\" id=\"del-parking-de-collado-villalba-al-ayuntamiento-escenario-1\" data-block-id=\"2e2bb02\"><h2 class=\"stk-block-heading__text\">Del Parking de Collado Villalba al Ayuntamiento (Escenario 1)<\/h2><\/div>\n\n\n\n<div class=\"wp-block-stackable-heading stk-block-heading stk-block-heading--v2 stk-block stk-465c595\" id=\"3-minutos-0-2-km\" data-block-id=\"465c595\"><h4 class=\"stk-block-heading__text\">&nbsp; &nbsp; 3 minutos. 0,2Km<\/h4><\/div>\n\n\n\n\n\n<div class=\"wp-block-columns is-not-stacked-on-mobile is-layout-flex wp-container-core-columns-is-layout-28f84493 wp-block-columns-is-layout-flex\">\n<div class=\"wp-block-column is-layout-flow wp-block-column-is-layout-flow\" style=\"flex-basis:10%\"><\/div>\n\n\n\n<div class=\"wp-block-column is-layout-flow wp-block-column-is-layout-flow\" style=\"flex-basis:80%\">\n<iframe src=\"https:\/\/www.google.com\/maps\/embed?pb=!1m26!1m12!1m3!1d1513.6459546777867!2d-3.992441711060951!3d40.64549527798983!2m3!1f0!2f0!3f0!3m2!1i1024!2i768!4f13.1!4m11!3e2!4m3!3m2!1d40.6455099!2d-3.9902941999999997!4m5!1s0xd417400c0e5e717%3A0x564941f3eaa30b48!2sPl.%20de%20la%20Constituci%C3%B3n%2C%201%2C%2028400%20Collado%20Villalba%2C%20Madrid!3m2!1d40.6456654!2d-3.9918964999999997!5e0!3m2!1ses!2ses!4v1680965183539!5m2!1ses!2ses\" width=\"600\" height=\"450\" style=\"border:0;\" allowfullscreen=\"\" loading=\"lazy\" referrerpolicy=\"no-referrer-when-downgrade\"><\/iframe>\n<\/div>\n\n\n\n<div class=\"wp-block-column is-layout-flow wp-block-column-is-layout-flow\" style=\"flex-basis:10%\"><\/div>\n<\/div>\n\n\n\n<div class=\"wp-block-stackable-heading stk-block-heading stk-block-heading--v2 stk-block stk-da8ca6a\" id=\"de-zona-de-aparcamiento-de-calle-prado-manzano-al-ayuntamiento-escenario-1\" data-block-id=\"da8ca6a\"><h2 class=\"stk-block-heading__text\">De zona de aparcamiento de Calle Prado Manzano al Ayuntamiento (Escenario 1)<\/h2><\/div>\n\n\n\n<div class=\"wp-block-stackable-heading stk-block-heading stk-block-heading--v2 stk-block stk-93cb5f9\" id=\"9-minutos-0-8-km\" data-block-id=\"93cb5f9\"><h4 class=\"stk-block-heading__text\">&nbsp; &nbsp; 9 minutos. 0,8Km<\/h4><\/div>\n\n\n\n<div class=\"wp-block-columns is-layout-flex wp-container-core-columns-is-layout-28f84493 wp-block-columns-is-layout-flex\">\n<div class=\"wp-block-column is-layout-flow wp-block-column-is-layout-flow\" style=\"flex-basis:10%\"><\/div>\n\n\n\n<div class=\"wp-block-column is-layout-flow wp-block-column-is-layout-flow\" style=\"flex-basis:80%\">\n<iframe src=\"https:\/\/www.google.com\/maps\/embed?pb=!1m28!1m12!1m3!1d3027.2500565728833!2d-3.993178823977577!3d40.64641797140357!2m3!1f0!2f0!3f0!3m2!1i1024!2i768!4f13.1!4m13!3e2!4m5!1s0xd4174000c826e75%3A0xa3433ed6d72fbba2!2sC.%20Prado%20Manzano%2C%2028400%20Collado%20Villalba%2C%20Madrid!3m2!1d40.646889099999996!2d-3.9891074!4m5!1s0xd417400c0df9c05%3A0xbce8227d7bde7144!2sAyuntamiento%20de%20Collado%20Villalba.%2C%20Pl.%20de%20la%20Constituci%C3%B3n%2C%201%2C%2028400%20Collado%20Villalba%2C%20Madrid!3m2!1d40.6456649!2d-3.991933!5e0!3m2!1ses!2ses!4v1713540042090!5m2!1ses!2ses\" width=\"600\" height=\"450\" style=\"border:0;\" allowfullscreen=\"\" loading=\"lazy\" referrerpolicy=\"no-referrer-when-downgrade\"><\/iframe>\n<\/div>\n\n\n\n<div class=\"wp-block-column is-layout-flow wp-block-column-is-layout-flow\" style=\"flex-basis:10%\"><\/div>\n<\/div>\n\n\n\n<div class=\"wp-block-stackable-heading stk-block-heading stk-block-heading--v2 stk-block stk-c0d187d\" id=\"de-la-ciudad-deportiva-al-ayuntamiento-escenario-1\" data-block-id=\"c0d187d\"><h2 class=\"stk-block-heading__text\">De la Ciudad Deportiva al Ayuntamiento (Escenario 1)<\/h2><\/div>\n\n\n\n<div class=\"wp-block-stackable-heading stk-block-heading stk-block-heading--v2 stk-block stk-82a9725\" id=\"17-minutos-1-2-km\" data-block-id=\"82a9725\"><h4 class=\"stk-block-heading__text\">&nbsp; &nbsp; 17 minutos. 1,2Km<\/h4><\/div>\n\n\n\n<div class=\"wp-block-columns is-layout-flex wp-container-core-columns-is-layout-28f84493 wp-block-columns-is-layout-flex\">\n<div class=\"wp-block-column is-layout-flow wp-block-column-is-layout-flow\" style=\"flex-basis:10%\"><\/div>\n\n\n\n<div class=\"wp-block-column is-layout-flow wp-block-column-is-layout-flow\" style=\"flex-basis:80%\">\n<iframe src=\"https:\/\/www.google.com\/maps\/embed?pb=!1m28!1m12!1m3!1d3027.3653436363875!2d-3.9998462734382474!3d40.64387629178256!2m3!1f0!2f0!3f0!3m2!1i1024!2i768!4f13.1!4m13!3e2!4m5!1s0xd41740950e429d9%3A0x4b285a05aff230ec!2sCiudad%20Deportiva%20Collado%20Villalba%2C%20Calle%20las%20%C3%81guedas%2C%20Collado%20Villalba!3m2!1d40.6421242!2d-4.0022907!4m5!1s0xd417400c0e5e717%3A0x564941f3eaa30b48!2sPl.%20de%20la%20Constituci%C3%B3n%2C%201%2C%2028400%20Collado%20Villalba%2C%20Madrid!3m2!1d40.6456654!2d-3.9918964999999997!5e0!3m2!1ses!2ses!4v1680963716352!5m2!1ses!2ses\" width=\"600\" height=\"450\" style=\"border:0;\" allowfullscreen=\"\" loading=\"lazy\" referrerpolicy=\"no-referrer-when-downgrade\"><\/iframe>\n<\/div>\n\n\n\n<div class=\"wp-block-column is-layout-flow wp-block-column-is-layout-flow\" style=\"flex-basis:10%\"><\/div>\n<\/div>\n\n\n\n<div class=\"wp-block-stackable-heading stk-block-heading stk-block-heading--v2 stk-block stk-0652bdc\" id=\"del-aparcamiento-en-la-dehesa-frente-al-tanatorio-al-ayuntamiento-escenario-1\" data-block-id=\"0652bdc\"><h2 class=\"stk-block-heading__text\">Del Aparcamiento en la Dehesa (frente al Tanatorio) al Ayuntamiento (Escenario 1)<\/h2><\/div>\n\n\n\n<div class=\"wp-block-stackable-heading stk-block-heading stk-block-heading--v2 stk-block stk-bdefe63\" id=\"21-minutos-1-6-km\" data-block-id=\"bdefe63\"><h4 class=\"stk-block-heading__text\">&nbsp; &nbsp; 21 minutos. 1,6Km<\/h4><\/div>\n\n\n\n<div class=\"wp-block-columns is-layout-flex wp-container-core-columns-is-layout-28f84493 wp-block-columns-is-layout-flex\">\n<div class=\"wp-block-column is-layout-flow wp-block-column-is-layout-flow\" style=\"flex-basis:10%\"><\/div>\n\n\n\n<div class=\"wp-block-column is-layout-flow wp-block-column-is-layout-flow\" style=\"flex-basis:80%\">\n<iframe src=\"https:\/\/www.google.com\/maps\/embed?pb=!1m28!1m12!1m3!1d3599.891201621119!2d-4.0025744996480865!3d40.64894106295089!2m3!1f0!2f0!3f0!3m2!1i1024!2i768!4f13.1!4m13!3e2!4m5!1s0xd4173f49da3cef3%3A0x2f316d8c765ff2ca!2sAparcamiento%2C%2028400%20Collado%20Villalba%2C%20Madrid!3m2!1d40.651530699999995!2d-4.0065248!4m5!1s0xd417400c0e5e717%3A0x564941f3eaa30b48!2sPl.%20de%20la%20Constituci%C3%B3n%2C%201%2C%2028400%20Collado%20Villalba%2C%20Madrid!3m2!1d40.6456654!2d-3.9918964999999997!5e0!3m2!1ses!2ses!4v1680963280953!5m2!1ses!2ses\" width=\"600\" height=\"450\" style=\"border:0;\" allowfullscreen=\"\" loading=\"lazy\" referrerpolicy=\"no-referrer-when-downgrade\"><\/iframe>\n<\/div>\n\n\n\n<div class=\"wp-block-column is-layout-flow wp-block-column-is-layout-flow\" style=\"flex-basis:10%\"><\/div>\n<\/div>\n","protected":false},"excerpt":{"rendered":"<p>Desde Madrid capital, hay un gran servicio de autobuses directos a Villalba Pueblo.Todos estos autobuses salen desde Madrid-Moncloa y con una alta frecuencia.\u200bLas l\u00edneas que te traer\u00e1n a Villalba son la 671, la 672 y la 672A. \u00a1Ya no tienes excusa para perd\u00e9rtelo! \u00a1Ya no tienes excusa para perd\u00e9rtelo! Todos los escenarios del Festival se [&hellip;]<\/p>\n","protected":false},"author":1,"featured_media":0,"parent":0,"menu_order":0,"comment_status":"closed","ping_status":"closed","template":"","meta":{"_uag_custom_page_level_css":"","footnotes":""},"class_list":["post-61","page","type-page","status-publish","hentry"],"blocksy_meta":[],"aioseo_notices":[],"uagb_featured_image_src":{"full":false,"thumbnail":false,"medium":false,"medium_large":false,"large":false,"1536x1536":false,"2048x2048":false},"uagb_author_info":{"display_name":"domink","author_link":"https:\/\/coralba.coromariaguerrero.com\/index.php\/author\/domink\/"},"uagb_comment_info":0,"uagb_excerpt":"Desde Madrid capital, hay un gran servicio de autobuses directos a Villalba Pueblo.Todos estos autobuses salen desde Madrid-Moncloa y con una alta frecuencia.\u200bLas l\u00edneas que te traer\u00e1n a Villalba son la 671, la 672 y la 672A. \u00a1Ya no tienes excusa para perd\u00e9rtelo! \u00a1Ya no tienes excusa para perd\u00e9rtelo! Todos los escenarios del Festival se&hellip;","_links":{"self":[{"href":"https:\/\/coralba.coromariaguerrero.com\/index.php\/wp-json\/wp\/v2\/pages\/61","targetHints":{"allow":["GET"]}}],"collection":[{"href":"https:\/\/coralba.coromariaguerrero.com\/index.php\/wp-json\/wp\/v2\/pages"}],"about":[{"href":"https:\/\/coralba.coromariaguerrero.com\/index.php\/wp-json\/wp\/v2\/types\/page"}],"author":[{"embeddable":true,"href":"https:\/\/coralba.coromariaguerrero.com\/index.php\/wp-json\/wp\/v2\/users\/1"}],"replies":[{"embeddable":true,"href":"https:\/\/coralba.coromariaguerrero.com\/index.php\/wp-json\/wp\/v2\/comments?post=61"}],"version-history":[{"count":14,"href":"https:\/\/coralba.coromariaguerrero.com\/index.php\/wp-json\/wp\/v2\/pages\/61\/revisions"}],"predecessor-version":[{"id":637,"href":"https:\/\/coralba.coromariaguerrero.com\/index.php\/wp-json\/wp\/v2\/pages\/61\/revisions\/637"}],"wp:attachment":[{"href":"https:\/\/coralba.coromariaguerrero.com\/index.php\/wp-json\/wp\/v2\/media?parent=61"}],"curies":[{"name":"wp","href":"https:\/\/api.w.org\/{rel}","templated":true}]}}